{"id":78,"date":"2025-02-17T20:01:35","date_gmt":"2025-02-17T20:01:35","guid":{"rendered":"https:\/\/www.heycharge.com.br\/?page_id=78"},"modified":"2025-05-09T20:17:33","modified_gmt":"2025-05-09T20:17:33","slug":"a-heycharge-brasil","status":"publish","type":"page","link":"https:\/\/www.heycharge.com.br\/es\/a-heycharge-brasil\/","title":{"rendered":"Heycharge Brasil"},"content":{"rendered":"<div data-elementor-type=\"wp-page\" data-elementor-id=\"78\" class=\"elementor elementor-78\" data-elementor-post-type=\"page\">\n\t\t\t\t<div class=\"elementor-element elementor-element-5700bb1 e-con-full e-flex e-con e-parent\" data-id=\"5700bb1\" data-element_type=\"container\" data-e-type=\"container\" data-settings=\"{&quot;background_background&quot;:&quot;classic&quot;}\">\n\t\t\t\t<div class=\"elementor-element elementor-element-03a9d75 elementor-widget__width-inherit elementor-widget elementor-widget-heading\" data-id=\"03a9d75\" data-element_type=\"widget\" data-e-type=\"widget\" data-widget_type=\"heading.default\">\n\t\t\t\t<div class=\"elementor-widget-container\">\n\t\t\t\t\t<h2 class=\"elementor-heading-title elementor-size-default\">Estamos sempre em movimento.<br>\nPor voc\u00ea. Pelo planeta.<\/h2>\t\t\t\t<\/div>\n\t\t\t\t<\/div>\n\t\t\t\t<\/div>\n\t\t<div class=\"elementor-element elementor-element-69429f8 e-flex e-con-boxed e-con e-parent\" data-id=\"69429f8\" data-element_type=\"container\" data-e-type=\"container\">\n\t\t\t\t\t<div class=\"e-con-inner\">\n\t\t<div class=\"elementor-element elementor-element-4fd946d e-con-full e-flex e-con e-child\" data-id=\"4fd946d\" data-element_type=\"container\" data-e-type=\"container\">\n\t\t\t\t<div class=\"elementor-element elementor-element-5171cb3 elementor-hidden-desktop elementor-widget elementor-widget-heading\" data-id=\"5171cb3\" data-element_type=\"widget\" data-e-type=\"widget\" data-widget_type=\"heading.default\">\n\t\t\t\t<div class=\"elementor-widget-container\">\n\t\t\t\t\t<h2 class=\"elementor-heading-title elementor-size-default\">Una red de recarga de dispositivos m\u00f3viles sostenible y innovadora.<\/h2>\t\t\t\t<\/div>\n\t\t\t\t<\/div>\n\t\t\t\t<div class=\"elementor-element elementor-element-6220ef5 elementor-hidden-tablet elementor-hidden-mobile elementor-widget elementor-widget-heading\" data-id=\"6220ef5\" data-element_type=\"widget\" data-e-type=\"widget\" data-widget_type=\"heading.default\">\n\t\t\t\t<div class=\"elementor-widget-container\">\n\t\t\t\t\t<h2 class=\"elementor-heading-title elementor-size-default\">Uma Rede <br>Sustent\u00e1vel e<br> Inovadora de <br>Recarga de <br>Aparelhos<br> M\u00f3veis.\n<\/h2>\t\t\t\t<\/div>\n\t\t\t\t<\/div>\n\t\t\t\t<\/div>\n\t\t<div class=\"elementor-element elementor-element-4ad83ad e-con-full e-flex e-con e-child\" data-id=\"4ad83ad\" data-element_type=\"container\" data-e-type=\"container\">\n\t\t\t\t<div class=\"elementor-element elementor-element-723add7 elementor-widget elementor-widget-text-editor\" data-id=\"723add7\" data-element_type=\"widget\" data-e-type=\"widget\" data-widget_type=\"text-editor.default\">\n\t\t\t\t<div class=\"elementor-widget-container\">\n\t\t\t\t\t\t\t\t\t<p>Somos uma<strong> rede de esta\u00e7\u00f5es inteligentes <\/strong>de autoatendimento, projetada para oferecer recarga m\u00f3vel de forma pr\u00e1tica e acess\u00edvel, em qualquer momento e lugar. Com solu\u00e7\u00f5es <strong>sustent\u00e1veis de baixo impacto ambiental<\/strong>, transformamos a experi\u00eancia tanto dos usu\u00e1rios quanto dos parceiros.<\/p><p>Como parte da rede <strong>HeyCharge Global<\/strong>, estamos presentes em <strong>mais de 60 pa\u00edses, atendendo mais de 2 milh\u00f5es de usu\u00e1rios\/dia<\/strong>, com uma estrutura global que traz solidez e seguran\u00e7a.<\/p><p>Al\u00e9m disso, temos um <strong>compromisso com a sustentabilidade<\/strong>, oferecendo esta\u00e7\u00f5es preparadas para<strong> receber lixo eletr\u00f4nico e realizar o descarte consciente<\/strong>, contribuindo para um futuro mais sustent\u00e1vel e respons\u00e1vel.<\/p>\t\t\t\t\t\t\t\t<\/div>\n\t\t\t\t<\/div>\n\t\t\t\t<\/div>\n\t\t\t\t\t<\/div>\n\t\t\t\t<\/div>\n\t\t<div class=\"elementor-element elementor-element-8a2eae5 e-flex e-con-boxed e-con e-parent\" data-id=\"8a2eae5\" data-element_type=\"container\" data-e-type=\"container\">\n\t\t\t\t\t<div class=\"e-con-inner\">\n\t\t\t\t<div class=\"elementor-element elementor-element-9c077bf elementor-hidden-desktop elementor-widget elementor-widget-heading\" data-id=\"9c077bf\" data-element_type=\"widget\" data-e-type=\"widget\" data-widget_type=\"heading.default\">\n\t\t\t\t<div class=\"elementor-widget-container\">\n\t\t\t\t\t<h2 class=\"elementor-heading-title elementor-size-default\">Como a HeyCharge evita<br> emiss\u00f5es de CO2?<\/h2>\t\t\t\t<\/div>\n\t\t\t\t<\/div>\n\t\t\t\t<div class=\"elementor-element elementor-element-bf0db57 elementor-hidden-tablet elementor-hidden-mobile elementor-widget elementor-widget-heading\" data-id=\"bf0db57\" data-element_type=\"widget\" data-e-type=\"widget\" data-widget_type=\"heading.default\">\n\t\t\t\t<div class=\"elementor-widget-container\">\n\t\t\t\t\t<h2 class=\"elementor-heading-title elementor-size-default\">Como a HeyCharge evita emiss\u00f5es de CO2?<\/h2>\t\t\t\t<\/div>\n\t\t\t\t<\/div>\n\t\t\t\t\t<\/div>\n\t\t\t\t<\/div>\n\t\t<div class=\"elementor-element elementor-element-cdebf33 elementor-hidden-tablet elementor-hidden-mobile e-flex e-con-boxed e-con e-parent\" data-id=\"cdebf33\" data-element_type=\"container\" data-e-type=\"container\">\n\t\t\t\t\t<div class=\"e-con-inner\">\n\t\t\t\t<div class=\"elementor-element elementor-element-c71b02f elementor-widget elementor-widget-html\" data-id=\"c71b02f\" data-element_type=\"widget\" data-e-type=\"widget\" data-widget_type=\"html.default\">\n\t\t\t\t<div class=\"elementor-widget-container\">\n\t\t\t\t\t<!DOCTYPE html>\r\n<html lang=\"pt-br\">\r\n<head>\r\n    <meta charset=\"UTF-8\">\r\n    <meta name=\"viewport\" content=\"width=device-width, initial-scale=1.0\">\r\n    <title>Power Bank Cards<\/title>\r\n    <style>\r\n        body {\r\n            font-family: 'Poppins', sans-serif;\r\n            margin: 0;\r\n            padding: 0px;\r\n            box-sizing: border-box;\r\n        }\r\n        \r\n        .container {\r\n            display: flex;\r\n            justify-content: space-between;\r\n            width: 100%;\r\n            max-width: 1200px;\r\n            margin: 0 auto;\r\n        }\r\n        \r\n        .power-bank-box {\r\n            width: 23%; \/* Aproximadamente 1\/4 da largura com espa\u00e7o para gap *\/\r\n            border-radius: 12px;\r\n            overflow: hidden;\r\n            box-shadow: 0 4px 8px rgba(0,0,0,0.1);\r\n        }\r\n        \r\n        .header {\r\n            background-color: #0CD4C9;\r\n            color: white;\r\n            padding: 15px 20px;\r\n            height: 60px;\r\n            display: flex;\r\n            align-items: center;\r\n        }\r\n        \r\n        .header h3 {\r\n            margin: 0;\r\n            font-size: 16px;\r\n            font-weight: normal;\r\n            color: white;\r\n            word-wrap: break-word;\r\n        }\r\n        \r\n        .content {\r\n            background-color: #13327A;\r\n            color: white;\r\n            padding: 20px;\r\n            height: 250px;\r\n            box-sizing: border-box;\r\n            padding-bottom: 120px;\r\n        }\r\n        \r\n        .content p {\r\n            margin: 0;\r\n            font-size: 16px;\r\n            line-height: 1.5;\r\n            color: white;\r\n        }\r\n        \r\n        \/* Media query para telas menores *\/\r\n        @media (max-width: 768px) {\r\n            .container {\r\n                flex-wrap: wrap;\r\n            }\r\n            \r\n            .power-bank-box {\r\n                width: 48%;\r\n                margin-bottom: 20px;\r\n            }\r\n        }\r\n        \r\n        @media (max-width: 480px) {\r\n            .power-bank-box {\r\n                width: 100%;\r\n            }\r\n        }\r\n    <\/style>\r\n<\/head>\r\n<body>\r\n    <div class=\"container\">\r\n        <!-- Card 1: Economia compartilhada -->\r\n        <div class=\"power-bank-box\">\r\n            <div class=\"header\">\r\n                <h3>Econom\u00eda compartida de power banks<\/h3>\r\n            <\/div>\r\n            <div class=\"content\">\r\n                <p>\r\n                    Compartir power banks reduce la necesidad de producir nuevas unidades, lo que reduce las emisiones asociadas con la fabricaci\u00f3n.\r\n                <\/p>\r\n            <\/div>\r\n        <\/div>\r\n        \r\n        <!-- Card 2: Descarte consciente -->\r\n        <div class=\"power-bank-box\">\r\n            <div class=\"header\">\r\n                <h3>Elminaci\u00f3n consciente de residuos electr\u00f3nicos<\/h3>\r\n            <\/div>\r\n            <div class=\"content\" >\r\n                <p>\r\n                    Todos los residuos electr\u00f3nicos provenientes del funcionamiento de nuestros power banks se eliminan siguiendo protocolos de eliminaci\u00f3n ecol\u00f3gica certificados.\r\n                <\/p>\r\n            <\/div>\r\n        <\/div>\r\n        \r\n        <!-- Card 3: Redu\u00e7\u00e3o de res\u00edduos -->\r\n        <div class=\"power-bank-box\">\r\n            <div class=\"header\">\r\n                <h3>Reducci\u00f3n de residuos<\/h3>\r\n            <\/div>\r\n            <div class=\"content\" >\r\n                <p>\r\n                    Cada power bank compartido evita el descarte de hasta 10 unidades individuales, lo que reduce los desechos electr\u00f3nicos.\r\n                <\/p>\r\n            <\/div>\r\n        <\/div>\r\n        \r\n        <!-- Card 4: Parcerias sustent\u00e1veis -->\r\n        <div class=\"power-bank-box\">\r\n            <div class=\"header\">\r\n                <h3>Asociaciones sostenibles<\/h3>\r\n            <\/div>\r\n            <div class=\"content\" >\r\n                <p>\r\n                    Trabajamos con proveedores que siguen est\u00e1ndares de sostenibilidad, incluyendo el uso de materiales reciclables y procesos con menor impacto ambiental.\r\n                <\/p>\r\n            <\/div>\r\n        <\/div>\r\n    <\/div>\r\n<\/body>\r\n<\/html>\t\t\t\t<\/div>\n\t\t\t\t<\/div>\n\t\t\t\t\t<\/div>\n\t\t\t\t<\/div>\n\t\t<div class=\"elementor-element elementor-element-d0effd3 elementor-hidden-desktop e-flex e-con-boxed e-con e-parent\" data-id=\"d0effd3\" data-element_type=\"container\" data-e-type=\"container\">\n\t\t\t\t\t<div class=\"e-con-inner\">\n\t\t\t\t<div class=\"elementor-element elementor-element-8f62cca elementor-widget elementor-widget-html\" data-id=\"8f62cca\" data-element_type=\"widget\" data-e-type=\"widget\" data-widget_type=\"html.default\">\n\t\t\t\t<div class=\"elementor-widget-container\">\n\t\t\t\t\t<!DOCTYPE html>\r\n<html lang=\"pt-br\">\r\n<head>\r\n    <meta charset=\"UTF-8\">\r\n    <meta name=\"viewport\" content=\"width=device-width, initial-scale=1.0\">\r\n    <title>Power Bank Cards<\/title>\r\n    <style>\r\n        body {\r\n            font-family: 'Poppins', sans-serif;\r\n            margin: 0;\r\n            padding: 0px;\r\n            box-sizing: border-box;\r\n        }\r\n        \r\n        .container {\r\n            display: flex;\r\n            justify-content: space-between;\r\n            width: 100%;\r\n            max-width: 1200px;\r\n            margin: 0 auto;\r\n        }\r\n        \r\n        .power-bank-box {\r\n            width: 23%; \/* Aproximadamente 1\/4 da largura com espa\u00e7o para gap *\/\r\n            border-radius: 12px;\r\n            overflow: hidden;\r\n            box-shadow: 0 4px 8px rgba(0,0,0,0.1);\r\n        }\r\n        \r\n        .header {\r\n            background-color: #0CD4C9;\r\n            color: white;\r\n            padding: 15px 20px;\r\n            height: 60px;\r\n            display: flex;\r\n            align-items: center;\r\n        }\r\n        \r\n        .header h3 {\r\n            margin: 0;\r\n            font-size: 16px;\r\n            font-weight: normal;\r\n            color: white;\r\n            word-wrap: break-word;\r\n        }\r\n        \r\n        .content {\r\n            background-color: #13327A;\r\n            color: white;\r\n            padding: 20px;\r\n            height: 180px;\r\n            box-sizing: border-box;\r\n        }\r\n        \r\n        .content p {\r\n            margin: 0;\r\n            font-size: 16px;\r\n            line-height: 1.5;\r\n            color: white;\r\n        }\r\n        \r\n        \/* Media query para telas menores *\/\r\n        @media (max-width: 768px) {\r\n            .container {\r\n                flex-wrap: wrap;\r\n            }\r\n            \r\n            .power-bank-box {\r\n                width: 48%;\r\n                margin-bottom: 20px;\r\n            }\r\n        }\r\n        \r\n        @media (max-width: 480px) {\r\n            .power-bank-box {\r\n                width: 100%;\r\n            }\r\n        }\r\n    <\/style>\r\n<\/head>\r\n<body>\r\n    <div class=\"container\">\r\n        <!-- Card 1: Economia compartilhada -->\r\n        <div class=\"power-bank-box\">\r\n            <div class=\"header\">\r\n                <h3>Econom\u00eda compartida de power banks<\/h3>\r\n            <\/div>\r\n            <div class=\"content\" style=\"padding-bottom: 160px;\">\r\n                <p>\r\n                    Compartir power banks reduce la necesidad de producir nuevas unidades, lo que reduce las emisiones asociadas con la fabricaci\u00f3n.\r\n                <\/p>\r\n            <\/div>\r\n        <\/div>\r\n        \r\n        <!-- Card 2: Descarte consciente -->\r\n        <div class=\"power-bank-box\">\r\n            <div class=\"header\">\r\n                <h3>Elminaci\u00f3n consciente de residuos electr\u00f3nicos<\/h3>\r\n            <\/div>\r\n            <div class=\"content\" style=\"padding-bottom: 140px;\">\r\n                <p>\r\n                    Todos los residuos electr\u00f3nicos provenientes del funcionamiento de nuestros power banks se eliminan siguiendo protocolos de eliminaci\u00f3n ecol\u00f3gica certificados.\r\n                <\/p>\r\n            <\/div>\r\n        <\/div>\r\n        \r\n        <!-- Card 3: Redu\u00e7\u00e3o de res\u00edduos -->\r\n        <div class=\"power-bank-box\">\r\n            <div class=\"header\">\r\n                <h3>Reducci\u00f3n de residuos<\/h3>\r\n            <\/div>\r\n            <div class=\"content\" style=\"padding-bottom: 180px;\">\r\n                <p>\r\n                    Cada power bank compartido evita el descarte de hasta 10 unidades individuales, lo que reduce los desechos electr\u00f3nicos.\r\n                <\/p>\r\n            <\/div>\r\n        <\/div>\r\n        \r\n        <!-- Card 4: Parcerias sustent\u00e1veis -->\r\n        <div class=\"power-bank-box\">\r\n            <div class=\"header\">\r\n                <h3>Asociaciones sostenibles<\/h3>\r\n            <\/div>\r\n            <div class=\"content\" style=\"padding-bottom: 120px;\">\r\n                <p>\r\n                    Trabajamos con proveedores que siguen est\u00e1ndares de sostenibilidad, incluyendo el uso de materiales reciclables y procesos con menor impacto ambiental.\r\n                <\/p>\r\n            <\/div>\r\n        <\/div>\r\n    <\/div>\r\n<\/body>\r\n<\/html>\t\t\t\t<\/div>\n\t\t\t\t<\/div>\n\t\t\t\t\t<\/div>\n\t\t\t\t<\/div>\n\t\t<div class=\"elementor-element elementor-element-2126e44 e-flex e-con-boxed e-con e-parent\" data-id=\"2126e44\" data-element_type=\"container\" data-e-type=\"container\" data-settings=\"{&quot;background_background&quot;:&quot;classic&quot;}\">\n\t\t\t\t\t<div class=\"e-con-inner\">\n\t\t<div class=\"elementor-element elementor-element-7478a7e e-con-full e-flex e-con e-child\" data-id=\"7478a7e\" data-element_type=\"container\" data-e-type=\"container\">\n\t\t\t\t<div class=\"elementor-element elementor-element-72eae11 elementor-widget elementor-widget-heading\" data-id=\"72eae11\" data-element_type=\"widget\" data-e-type=\"widget\" data-widget_type=\"heading.default\">\n\t\t\t\t<div class=\"elementor-widget-container\">\n\t\t\t\t\t<h2 class=\"elementor-heading-title elementor-size-default\">Hospede um terminal<br>\nem sua empresa.<\/h2>\t\t\t\t<\/div>\n\t\t\t\t<\/div>\n\t\t\t\t<div class=\"elementor-element elementor-element-5efbb0d elementor-widget elementor-widget-button\" data-id=\"5efbb0d\" data-element_type=\"widget\" data-e-type=\"widget\" data-widget_type=\"button.default\">\n\t\t\t\t<div class=\"elementor-widget-container\">\n\t\t\t\t\t\t\t\t\t<div class=\"elementor-button-wrapper\">\n\t\t\t\t\t<a class=\"elementor-button elementor-button-link elementor-size-sm\" href=\"#\">\n\t\t\t\t\t\t<span class=\"elementor-button-content-wrapper\">\n\t\t\t\t\t\t\t\t\t<span class=\"elementor-button-text\">Hazte socio<\/span>\n\t\t\t\t\t<\/span>\n\t\t\t\t\t<\/a>\n\t\t\t\t<\/div>\n\t\t\t\t\t\t\t\t<\/div>\n\t\t\t\t<\/div>\n\t\t\t\t<\/div>\n\t\t<div class=\"elementor-element elementor-element-49bf1a3 e-con-full e-flex e-con e-child\" data-id=\"49bf1a3\" data-element_type=\"container\" data-e-type=\"container\">\n\t\t\t\t<\/div>\n\t\t\t\t\t<\/div>\n\t\t\t\t<\/div>\n\t\t<div class=\"elementor-element elementor-element-a69c713 e-flex e-con-boxed e-con e-parent\" data-id=\"a69c713\" data-element_type=\"container\" data-e-type=\"container\">\n\t\t\t\t\t<div class=\"e-con-inner\">\n\t\t\t\t\t<\/div>\n\t\t\t\t<\/div>\n\t\t\t\t<\/div>","protected":false},"excerpt":{"rendered":"<p>Estamos sempre em movimento. Por voc\u00ea. Pelo planeta. Uma Rede Sustent\u00e1vel e Inovadora de Recarga de Aparelhos M\u00f3veis. Uma Rede Sustent\u00e1vel e Inovadora de Recarga de Aparelhos M\u00f3veis. Somos uma rede de esta\u00e7\u00f5es inteligentes de autoatendimento, projetada para oferecer recarga m\u00f3vel de forma pr\u00e1tica e acess\u00edvel, em qualquer momento e lugar. Com solu\u00e7\u00f5es sustent\u00e1veis de [&hellip;]<\/p>\n","protected":false},"author":1,"featured_media":0,"parent":0,"menu_order":0,"comment_status":"closed","ping_status":"closed","template":"elementor_header_footer","meta":{"_acf_changed":false,"footnotes":""},"class_list":["post-78","page","type-page","status-publish","hentry"],"acf":[],"_links":{"self":[{"href":"https:\/\/www.heycharge.com.br\/es\/wp-json\/wp\/v2\/pages\/78","targetHints":{"allow":["GET"]}}],"collection":[{"href":"https:\/\/www.heycharge.com.br\/es\/wp-json\/wp\/v2\/pages"}],"about":[{"href":"https:\/\/www.heycharge.com.br\/es\/wp-json\/wp\/v2\/types\/page"}],"author":[{"embeddable":true,"href":"https:\/\/www.heycharge.com.br\/es\/wp-json\/wp\/v2\/users\/1"}],"replies":[{"embeddable":true,"href":"https:\/\/www.heycharge.com.br\/es\/wp-json\/wp\/v2\/comments?post=78"}],"version-history":[{"count":10,"href":"https:\/\/www.heycharge.com.br\/es\/wp-json\/wp\/v2\/pages\/78\/revisions"}],"predecessor-version":[{"id":3429,"href":"https:\/\/www.heycharge.com.br\/es\/wp-json\/wp\/v2\/pages\/78\/revisions\/3429"}],"wp:attachment":[{"href":"https:\/\/www.heycharge.com.br\/es\/wp-json\/wp\/v2\/media?parent=78"}],"curies":[{"name":"wp","href":"https:\/\/api.w.org\/{rel}","templated":true}]}}